{"id":20,"date":"2021-11-08T10:25:00","date_gmt":"2021-11-08T13:25:00","guid":{"rendered":"https:\/\/chalesprincesaisabel.com.br\/petropolis\/?page_id=20"},"modified":"2023-08-30T16:35:04","modified_gmt":"2023-08-30T19:35:04","slug":"localizacao","status":"publish","type":"page","link":"https:\/\/chalesprincesaisabel.com.br\/petropolis\/localizacao\/","title":{"rendered":"Localiza\u00e7\u00e3o"},"content":{"rendered":"<div class=\"sec_content_main_title\" style=\"text-align:;\">Veja nossa Localiza\u00e7\u00e3o e Como chegar<\/div>\n<p>Rua Visconde da Penha, 155, Centro<br \/>\nCentro, Petr\u00f3polis, RJ| Mapa<\/p>\n<p><strong>Coordenadas GPS:<\/strong><\/p>\n<p>-22.513742876373797, -43.171079113825286<\/p>\n<p><iframe loading=\"lazy\" style=\"border: 0;\" src=\"https:\/\/www.google.com\/maps\/embed?pb=!1m18!1m12!1m3!1d1303.1078115228788!2d-43.17254709034418!3d-22.513730618562523!2m3!1f0!2f0!3f0!3m2!1i1024!2i768!4f13.1!3m3!1m2!1s0x99a7f96cab087d%3A0xa6c93fdc1316066a!2sR.%20Visc.%20da%20Penha%2C%20155%20-%20Centro%2C%20Petr%C3%B3polis%20-%20RJ%2C%2025625-040!5e0!3m2!1spt-BR!2sbr!4v1693421421814!5m2!1spt-BR!2sbr\" width=\"600\" height=\"450\" allowfullscreen=\"allowfullscreen\"><\/iframe><\/p>\n<p><a href=\"https:\/\/goo.gl\/maps\/PGEer8n9yxHREehF6\" target=\"_blank\" rel=\"noopener\">Ver mapa no Google Maps<\/a><\/p>\n<p><img loading=\"lazy\" decoding=\"async\" class=\"alignnone wp-image-67 size-large\" src=\"https:\/\/chalesprincesaisabel.com.br\/petropolis\/wp-content\/uploads\/2021\/11\/chale-petropolis-02-1024x439.jpg\" alt=\"Chal\u00e9 em Petr\u00f3polis\" width=\"1024\" height=\"439\" srcset=\"https:\/\/chalesprincesaisabel.com.br\/petropolis\/wp-content\/uploads\/2021\/11\/chale-petropolis-02-1024x439.jpg 1024w, https:\/\/chalesprincesaisabel.com.br\/petropolis\/wp-content\/uploads\/2021\/11\/chale-petropolis-02-300x129.jpg 300w, https:\/\/chalesprincesaisabel.com.br\/petropolis\/wp-content\/uploads\/2021\/11\/chale-petropolis-02-768x329.jpg 768w, https:\/\/chalesprincesaisabel.com.br\/petropolis\/wp-content\/uploads\/2021\/11\/chale-petropolis-02.jpg 1400w\" sizes=\"auto, (max-width: 1024px) 100vw, 1024px\" \/><\/p>\n","protected":false},"excerpt":{"rendered":"<p>Rua Visconde da Penha, 155, Centro Centro, Petr\u00f3polis, RJ| Mapa Coordenadas GPS: -22.513742876373797, -43.171079113825286 Ver mapa no Google Maps<\/p>\n","protected":false},"author":1,"featured_media":0,"parent":0,"menu_order":0,"comment_status":"closed","ping_status":"closed","template":"","meta":{"footnotes":""},"class_list":["post-20","page","type-page","status-publish","hentry"],"yoast_head":"<!-- This site is optimized with the Yoast SEO plugin v27.6 - https:\/\/yoast.com\/product\/yoast-seo-wordpress\/ -->\n<title>Localiza\u00e7\u00e3o - Chal\u00e9s em Petr\u00f3polis - Cabana - Pousada Princesa Isabel<\/title>\n<meta name=\"robots\" content=\"index, follow, max-snippet:-1, max-image-preview:large, max-video-preview:-1\" \/>\n<link rel=\"canonical\" href=\"https:\/\/chalesprincesaisabel.com.br\/petropolis\/localizacao\/\" \/>\n<meta property=\"og:locale\" content=\"pt_BR\" \/>\n<meta property=\"og:type\" content=\"article\" \/>\n<meta property=\"og:title\" content=\"Localiza\u00e7\u00e3o - Chal\u00e9s em Petr\u00f3polis - Cabana - Pousada Princesa Isabel\" \/>\n<meta property=\"og:description\" content=\"Rua Visconde da Penha, 155, Centro Centro, Petr\u00f3polis, RJ| Mapa Coordenadas GPS: -22.513742876373797, -43.171079113825286 Ver mapa no Google Maps\" \/>\n<meta property=\"og:url\" content=\"https:\/\/chalesprincesaisabel.com.br\/petropolis\/localizacao\/\" \/>\n<meta property=\"og:site_name\" content=\"Chal\u00e9s em Petr\u00f3polis - Cabana - Pousada Princesa Isabel\" \/>\n<meta property=\"article:modified_time\" content=\"2023-08-30T19:35:04+00:00\" \/>\n<meta property=\"og:image\" content=\"https:\/\/chalesprincesaisabel.com.br\/petropolis\/wp-content\/uploads\/2021\/11\/chale-petropolis-02-1024x439.jpg\" \/>\n<meta name=\"twitter:card\" content=\"summary_large_image\" \/>\n<meta name=\"twitter:label1\" content=\"Est. tempo de leitura\" \/>\n\t<meta name=\"twitter:data1\" content=\"1 minuto\" \/>\n<script type=\"application\/ld+json\" class=\"yoast-schema-graph\">{\"@context\":\"https:\\\/\\\/schema.org\",\"@graph\":[{\"@type\":\"WebPage\",\"@id\":\"https:\\\/\\\/chalesprincesaisabel.com.br\\\/petropolis\\\/localizacao\\\/\",\"url\":\"https:\\\/\\\/chalesprincesaisabel.com.br\\\/petropolis\\\/localizacao\\\/\",\"name\":\"Localiza\u00e7\u00e3o - Chal\u00e9s em Petr\u00f3polis - Cabana - Pousada Princesa Isabel\",\"isPartOf\":{\"@id\":\"https:\\\/\\\/chalesprincesaisabel.com.br\\\/petropolis\\\/#website\"},\"primaryImageOfPage\":{\"@id\":\"https:\\\/\\\/chalesprincesaisabel.com.br\\\/petropolis\\\/localizacao\\\/#primaryimage\"},\"image\":{\"@id\":\"https:\\\/\\\/chalesprincesaisabel.com.br\\\/petropolis\\\/localizacao\\\/#primaryimage\"},\"thumbnailUrl\":\"https:\\\/\\\/chalesprincesaisabel.com.br\\\/petropolis\\\/wp-content\\\/uploads\\\/2021\\\/11\\\/chale-petropolis-02-1024x439.jpg\",\"datePublished\":\"2021-11-08T13:25:00+00:00\",\"dateModified\":\"2023-08-30T19:35:04+00:00\",\"breadcrumb\":{\"@id\":\"https:\\\/\\\/chalesprincesaisabel.com.br\\\/petropolis\\\/localizacao\\\/#breadcrumb\"},\"inLanguage\":\"pt-BR\",\"potentialAction\":[{\"@type\":\"ReadAction\",\"target\":[\"https:\\\/\\\/chalesprincesaisabel.com.br\\\/petropolis\\\/localizacao\\\/\"]}]},{\"@type\":\"ImageObject\",\"inLanguage\":\"pt-BR\",\"@id\":\"https:\\\/\\\/chalesprincesaisabel.com.br\\\/petropolis\\\/localizacao\\\/#primaryimage\",\"url\":\"https:\\\/\\\/chalesprincesaisabel.com.br\\\/petropolis\\\/wp-content\\\/uploads\\\/2021\\\/11\\\/chale-petropolis-02.jpg\",\"contentUrl\":\"https:\\\/\\\/chalesprincesaisabel.com.br\\\/petropolis\\\/wp-content\\\/uploads\\\/2021\\\/11\\\/chale-petropolis-02.jpg\",\"width\":1400,\"height\":600,\"caption\":\"Chal\u00e9 em Petr\u00f3polis\"},{\"@type\":\"BreadcrumbList\",\"@id\":\"https:\\\/\\\/chalesprincesaisabel.com.br\\\/petropolis\\\/localizacao\\\/#breadcrumb\",\"itemListElement\":[{\"@type\":\"ListItem\",\"position\":1,\"name\":\"In\u00edcio\",\"item\":\"https:\\\/\\\/chalesprincesaisabel.com.br\\\/petropolis\\\/\"},{\"@type\":\"ListItem\",\"position\":2,\"name\":\"Localiza\u00e7\u00e3o\"}]},{\"@type\":\"WebSite\",\"@id\":\"https:\\\/\\\/chalesprincesaisabel.com.br\\\/petropolis\\\/#website\",\"url\":\"https:\\\/\\\/chalesprincesaisabel.com.br\\\/petropolis\\\/\",\"name\":\"Chal\u00e9s em Petr\u00f3polis - Cabana - Pousada Princesa Isabel\",\"description\":\"Chal\u00e9 e Cabana em Petr\u00f3polis com Lareira e Piscina\",\"potentialAction\":[{\"@type\":\"SearchAction\",\"target\":{\"@type\":\"EntryPoint\",\"urlTemplate\":\"https:\\\/\\\/chalesprincesaisabel.com.br\\\/petropolis\\\/?s={search_term_string}\"},\"query-input\":{\"@type\":\"PropertyValueSpecification\",\"valueRequired\":true,\"valueName\":\"search_term_string\"}}],\"inLanguage\":\"pt-BR\"}]}<\/script>\n<!-- \/ Yoast SEO plugin. -->","yoast_head_json":{"title":"Localiza\u00e7\u00e3o - Chal\u00e9s em Petr\u00f3polis - Cabana - Pousada Princesa Isabel","robots":{"index":"index","follow":"follow","max-snippet":"max-snippet:-1","max-image-preview":"max-image-preview:large","max-video-preview":"max-video-preview:-1"},"canonical":"https:\/\/chalesprincesaisabel.com.br\/petropolis\/localizacao\/","og_locale":"pt_BR","og_type":"article","og_title":"Localiza\u00e7\u00e3o - Chal\u00e9s em Petr\u00f3polis - Cabana - Pousada Princesa Isabel","og_description":"Rua Visconde da Penha, 155, Centro Centro, Petr\u00f3polis, RJ| Mapa Coordenadas GPS: -22.513742876373797, -43.171079113825286 Ver mapa no Google Maps","og_url":"https:\/\/chalesprincesaisabel.com.br\/petropolis\/localizacao\/","og_site_name":"Chal\u00e9s em Petr\u00f3polis - Cabana - Pousada Princesa Isabel","article_modified_time":"2023-08-30T19:35:04+00:00","og_image":[{"url":"https:\/\/chalesprincesaisabel.com.br\/petropolis\/wp-content\/uploads\/2021\/11\/chale-petropolis-02-1024x439.jpg","type":"","width":"","height":""}],"twitter_card":"summary_large_image","twitter_misc":{"Est. tempo de leitura":"1 minuto"},"schema":{"@context":"https:\/\/schema.org","@graph":[{"@type":"WebPage","@id":"https:\/\/chalesprincesaisabel.com.br\/petropolis\/localizacao\/","url":"https:\/\/chalesprincesaisabel.com.br\/petropolis\/localizacao\/","name":"Localiza\u00e7\u00e3o - Chal\u00e9s em Petr\u00f3polis - Cabana - Pousada Princesa Isabel","isPartOf":{"@id":"https:\/\/chalesprincesaisabel.com.br\/petropolis\/#website"},"primaryImageOfPage":{"@id":"https:\/\/chalesprincesaisabel.com.br\/petropolis\/localizacao\/#primaryimage"},"image":{"@id":"https:\/\/chalesprincesaisabel.com.br\/petropolis\/localizacao\/#primaryimage"},"thumbnailUrl":"https:\/\/chalesprincesaisabel.com.br\/petropolis\/wp-content\/uploads\/2021\/11\/chale-petropolis-02-1024x439.jpg","datePublished":"2021-11-08T13:25:00+00:00","dateModified":"2023-08-30T19:35:04+00:00","breadcrumb":{"@id":"https:\/\/chalesprincesaisabel.com.br\/petropolis\/localizacao\/#breadcrumb"},"inLanguage":"pt-BR","potentialAction":[{"@type":"ReadAction","target":["https:\/\/chalesprincesaisabel.com.br\/petropolis\/localizacao\/"]}]},{"@type":"ImageObject","inLanguage":"pt-BR","@id":"https:\/\/chalesprincesaisabel.com.br\/petropolis\/localizacao\/#primaryimage","url":"https:\/\/chalesprincesaisabel.com.br\/petropolis\/wp-content\/uploads\/2021\/11\/chale-petropolis-02.jpg","contentUrl":"https:\/\/chalesprincesaisabel.com.br\/petropolis\/wp-content\/uploads\/2021\/11\/chale-petropolis-02.jpg","width":1400,"height":600,"caption":"Chal\u00e9 em Petr\u00f3polis"},{"@type":"BreadcrumbList","@id":"https:\/\/chalesprincesaisabel.com.br\/petropolis\/localizacao\/#breadcrumb","itemListElement":[{"@type":"ListItem","position":1,"name":"In\u00edcio","item":"https:\/\/chalesprincesaisabel.com.br\/petropolis\/"},{"@type":"ListItem","position":2,"name":"Localiza\u00e7\u00e3o"}]},{"@type":"WebSite","@id":"https:\/\/chalesprincesaisabel.com.br\/petropolis\/#website","url":"https:\/\/chalesprincesaisabel.com.br\/petropolis\/","name":"Chal\u00e9s em Petr\u00f3polis - Cabana - Pousada Princesa Isabel","description":"Chal\u00e9 e Cabana em Petr\u00f3polis com Lareira e Piscina","potentialAction":[{"@type":"SearchAction","target":{"@type":"EntryPoint","urlTemplate":"https:\/\/chalesprincesaisabel.com.br\/petropolis\/?s={search_term_string}"},"query-input":{"@type":"PropertyValueSpecification","valueRequired":true,"valueName":"search_term_string"}}],"inLanguage":"pt-BR"}]}},"_links":{"self":[{"href":"https:\/\/chalesprincesaisabel.com.br\/petropolis\/wp-json\/wp\/v2\/pages\/20","targetHints":{"allow":["GET"]}}],"collection":[{"href":"https:\/\/chalesprincesaisabel.com.br\/petropolis\/wp-json\/wp\/v2\/pages"}],"about":[{"href":"https:\/\/chalesprincesaisabel.com.br\/petropolis\/wp-json\/wp\/v2\/types\/page"}],"author":[{"embeddable":true,"href":"https:\/\/chalesprincesaisabel.com.br\/petropolis\/wp-json\/wp\/v2\/users\/1"}],"replies":[{"embeddable":true,"href":"https:\/\/chalesprincesaisabel.com.br\/petropolis\/wp-json\/wp\/v2\/comments?post=20"}],"version-history":[{"count":5,"href":"https:\/\/chalesprincesaisabel.com.br\/petropolis\/wp-json\/wp\/v2\/pages\/20\/revisions"}],"predecessor-version":[{"id":621,"href":"https:\/\/chalesprincesaisabel.com.br\/petropolis\/wp-json\/wp\/v2\/pages\/20\/revisions\/621"}],"wp:attachment":[{"href":"https:\/\/chalesprincesaisabel.com.br\/petropolis\/wp-json\/wp\/v2\/media?parent=20"}],"curies":[{"name":"wp","href":"https:\/\/api.w.org\/{rel}","templated":true}]}}