{"id":28,"date":"2021-11-08T10:27:25","date_gmt":"2021-11-08T13:27:25","guid":{"rendered":"https:\/\/chalesprincesaisabel.com.br\/petropolis\/?page_id=28"},"modified":"2021-11-09T12:15:24","modified_gmt":"2021-11-09T15:15:24","slug":"grupo-princesa-isabel","status":"publish","type":"page","link":"https:\/\/chalesprincesaisabel.com.br\/petropolis\/grupo-princesa-isabel\/","title":{"rendered":"Grupo Princesa Isabel"},"content":{"rendered":"<div class=\"sec_content_main_title\" style=\"text-align:;\">Conhe\u00e7a Nossas Pousadas<\/div>\n<p><strong>Conhe\u00e7a as pousadas e restaurante do Grupo Princesa Isabel<\/strong>:<\/p>\n<div class=\"su-note\"  style=\"border-color:#dddddd;border-radius:3px;-moz-border-radius:3px;-webkit-border-radius:3px;\"><div class=\"su-note-inner su-u-clearfix su-u-trim\" style=\"background-color:#f7f7f7;border-color:#ffffff;color:#333333;border-radius:3px;-moz-border-radius:3px;-webkit-border-radius:3px;\">\n<h2><strong><a href=\"https:\/\/pousadaprincesaisabel.com.br\/pousada\/\" target=\"_blank\" rel=\"noopener\"><img loading=\"lazy\" decoding=\"async\" class=\"alignleft wp-image-238 size-thumbnail\" src=\"https:\/\/chalesprincesaisabel.com.br\/petropolis\/wp-content\/uploads\/2021\/11\/visconde1-150x150.png\" alt=\"Pousada Princesa Isabel - Visconde\" width=\"150\" height=\"150\" \/><\/a><a href=\"http:\/\/pousadaprincesaisabel.com.br\/pousada\/\" target=\"_blank\" rel=\"noopener\">Princesa Isabel &#8211; Visconde<\/a><\/strong><\/h2>\n<p>Rua Visconde de Souza Franco, 529<br \/>\nCentro, Petr\u00f3polis, RJ}<br \/>\nTels.: (24) 2231-7169<br \/>\nSite: <a href=\"http:\/\/pousadaprincesaisabel.com.br\/pousada\/\" target=\"_blank\" rel=\"noopener\">www.pousadaprincesaisabel.com.br<\/a><\/p>\n<\/div><\/div>\n<div class=\"su-note\"  style=\"border-color:#dddddd;border-radius:3px;-moz-border-radius:3px;-webkit-border-radius:3px;\"><div class=\"su-note-inner su-u-clearfix su-u-trim\" style=\"background-color:#f7f7f7;border-color:#ffffff;color:#333333;border-radius:3px;-moz-border-radius:3px;-webkit-border-radius:3px;\">\n<h2><strong><a href=\"https:\/\/pousadadompedro.com.br\/pousada\/\" target=\"_blank\" rel=\"noopener\"><img loading=\"lazy\" decoding=\"async\" class=\"alignleft wp-image-235 size-thumbnail\" src=\"https:\/\/chalesprincesaisabel.com.br\/petropolis\/wp-content\/uploads\/2021\/11\/dompedro1-150x150.png\" alt=\"Pousada Princesa Isabel - Dom Pedro\" width=\"150\" height=\"150\" \/><\/a><a href=\"https:\/\/pousadadompedro.com.br\/pousada\/\" target=\"_blank\" rel=\"noopener\">Princesa Isabel &#8211; Dom Pedro<\/a><\/strong><\/h2>\n<p>Avenida Dom Pedro I, 152<br \/>\nCentro, Petr\u00f3polis &#8211; RJ<br \/>\nTels.:(24) 2242-0049<br \/>\nSite: <a href=\"https:\/\/pousadadompedro.com.br\/pousada\/\" target=\"_blank\" rel=\"noopener\">www.pousadadompedro.com.br<\/a><\/p>\n<\/div><\/div>\n<div class=\"su-note\"  style=\"border-color:#dddddd;border-radius:3px;-moz-border-radius:3px;-webkit-border-radius:3px;\"><div class=\"su-note-inner su-u-clearfix su-u-trim\" style=\"background-color:#f7f7f7;border-color:#ffffff;color:#333333;border-radius:3px;-moz-border-radius:3px;-webkit-border-radius:3px;\">\n<h2><strong><a href=\"https:\/\/pousadaprincesaisabel.com.br\/ruateresa\/\" target=\"_blank\" rel=\"noopener\"><img loading=\"lazy\" decoding=\"async\" class=\"alignleft wp-image-237 size-thumbnail\" src=\"https:\/\/chalesprincesaisabel.com.br\/petropolis\/wp-content\/uploads\/2021\/11\/ruateresa1-150x150.png\" alt=\"Pousada Princesa Isabel - Rua Teresa\" width=\"150\" height=\"150\" \/><\/a><a href=\"https:\/\/pousadaprincesaisabel.com.br\/ruateresa\/\" target=\"_blank\" rel=\"noopener\">Princesa Isabel &#8211; Rua Teresa<\/a><\/strong><\/h2>\n<p>Rua Teresa, 1452<br \/>\nCentro, Petr\u00f3polis &#8211; RJ<br \/>\nTels.: (24) 3302-3087<br \/>\nSite: <a href=\"https:\/\/pousadaprincesaisabel.com.br\/ruateresa\/\" target=\"_blank\" rel=\"noopener\">www.pousadaprincesaisabel.com.br\/ruateresa\/<\/a><\/p>\n<\/div><\/div>\n<div class=\"su-note\"  style=\"border-color:#dddddd;border-radius:3px;-moz-border-radius:3px;-webkit-border-radius:3px;\"><div class=\"su-note-inner su-u-clearfix su-u-trim\" style=\"background-color:#f7f7f7;border-color:#ffffff;color:#333333;border-radius:3px;-moz-border-radius:3px;-webkit-border-radius:3px;\">\n<h2><strong><a href=\"https:\/\/princesaisabelgourmet.com.br\/restaurante\/\" target=\"_blank\" rel=\"noopener\"><img loading=\"lazy\" decoding=\"async\" class=\"alignleft wp-image-236 size-thumbnail\" src=\"https:\/\/chalesprincesaisabel.com.br\/petropolis\/wp-content\/uploads\/2021\/11\/restaurante-150x150.png\" alt=\"Restaurante Princesa Isabel Gourmet\" width=\"150\" height=\"150\" \/><\/a><a href=\"https:\/\/princesaisabelgourmet.com.br\/restaurante\/\" target=\"_blank\" rel=\"noopener\">Restaurante Princesa Isabel Gourmet<\/a>\u00a0<\/strong><\/h2>\n<p>Avenida. D. Pedro I, 270<br \/>\nCentro, Petr\u00f3polis, RJ<br \/>\nTels.: (24) 3065-3133 |\u00a0 (24) 98849-9498<br \/>\nSite: <a href=\"https:\/\/princesaisabelgourmet.com.br\/restaurante\/\" target=\"_blank\" rel=\"noopener\">www.princesaisabelgourmet.com.br<\/a><\/p>\n<\/div><\/div>\n<div class=\"su-note\"  style=\"border-color:#dddddd;border-radius:3px;-moz-border-radius:3px;-webkit-border-radius:3px;\"><div class=\"su-note-inner su-u-clearfix su-u-trim\" style=\"background-color:#f7f7f7;border-color:#ffffff;color:#333333;border-radius:3px;-moz-border-radius:3px;-webkit-border-radius:3px;\">\n<h2><strong><a href=\"https:\/\/chalesprincesaisabel.com.br\/petropolis\"><img loading=\"lazy\" decoding=\"async\" class=\"alignleft wp-image-234 size-thumbnail\" src=\"https:\/\/chalesprincesaisabel.com.br\/petropolis\/wp-content\/uploads\/2021\/11\/chales-150x150.png\" alt=\"Chal\u00e9s Princesa Isabel\" width=\"150\" height=\"150\" \/><\/a><a href=\"https:\/\/chalesprincesaisabel.com.br\/petropolis\/\">Chal\u00e9s Princesa Isabel<\/a>\u00a0<\/strong><\/h2>\n<p>Rua Visconde de Souza Franco, 529 A<br \/>\nCentro, Petr\u00f3polis, RJ<br \/>\nTels.: (24) 2231-7169<br \/>\nSite: <a href=\"https:\/\/chalesprincesaisabel.com.br\/petropolis\" target=\"_blank\" rel=\"noopener\">www.chalesprincesaisabel.com.br<\/a><\/p>\n<\/div><\/div>\n<p>&nbsp;<\/p>\n<div class=\"su-note\"  style=\"border-color:#dddddd;border-radius:3px;-moz-border-radius:3px;-webkit-border-radius:3px;\"><div class=\"su-note-inner su-u-clearfix su-u-trim\" style=\"background-color:#f7f7f7;border-color:#ffffff;color:#333333;border-radius:3px;-moz-border-radius:3px;-webkit-border-radius:3px;\">\n<div class=\"sec_content_main_title\" style=\"text-align:;\">Grupo Princesa Isabel<\/div>\n<p>Atuando desde 2011 no segmento hoteleiro em Petr\u00f3polis, o <strong>Grupo Princesa Isabel<\/strong> hoje re\u00fane 4 pousadas (&#8220;Princesa Isabel &#8211; Visconde&#8221;, &#8220;Princesa Isabel &#8211; Dom Pedro&#8221;, &#8220;Princesa Isabel &#8211; Rua Teresa&#8221;) e um restaurante (Princesa Isabel Gourmet).<\/p>\n<p>Com conceito de inova\u00e7\u00e3o constante e foco em qualidade total em hospedagem, o\u00a0 <strong>Grupo Princesa Isabel<\/strong> se destaca por reunir extenso know how e s\u00f3lida experi\u00eancia em projeto e servi\u00e7os no setor hoteleiro e tur\u00edstico da regi\u00e3o serrana.<\/p>\n<p>Todo o \u00eaxito e experi\u00eancia positiva acumulada ao longo de mais de uma d\u00e9cada de atua\u00e7\u00e3o, permitiu a concep\u00e7\u00e3o dos <strong>Chal\u00e9s Princesa Isabel<\/strong>: um projeto novo e ousado,\u00a0 direcionado a um p\u00fablico exigente e alinhado ao turismo de alto padr\u00e3o, uma vertente crescente e cada vez mais requisitado na regi\u00e3o serrana do RJ.<\/p>\n<p>Ser\u00e1 um prazer recebe-los neste novo projeto realizado: <strong>Chal\u00e9s Princesa Isabel<\/strong>.<br \/>\nEsperamos sua visita!<\/p>\n<\/div><\/div>\n","protected":false},"excerpt":{"rendered":"<p>Conhe\u00e7a as pousadas e restaurante do Grupo Princesa Isabel: &nbsp;<\/p>\n","protected":false},"author":1,"featured_media":0,"parent":0,"menu_order":0,"comment_status":"closed","ping_status":"closed","template":"","meta":{"footnotes":""},"class_list":["post-28","page","type-page","status-publish","hentry"],"yoast_head":"<!-- This site is optimized with the Yoast SEO plugin v27.4 - https:\/\/yoast.com\/product\/yoast-seo-wordpress\/ -->\n<title>Grupo Princesa Isabel - Chal\u00e9s em Petr\u00f3polis - Cabana - Pousada Princesa Isabel<\/title>\n<meta name=\"robots\" content=\"index, follow, max-snippet:-1, max-image-preview:large, max-video-preview:-1\" \/>\n<link rel=\"canonical\" href=\"https:\/\/chalesprincesaisabel.com.br\/petropolis\/grupo-princesa-isabel\/\" \/>\n<meta property=\"og:locale\" content=\"pt_BR\" \/>\n<meta property=\"og:type\" content=\"article\" \/>\n<meta property=\"og:title\" content=\"Grupo Princesa Isabel - Chal\u00e9s em Petr\u00f3polis - Cabana - Pousada Princesa Isabel\" \/>\n<meta property=\"og:description\" content=\"Conhe\u00e7a as pousadas e restaurante do Grupo Princesa Isabel: &nbsp;\" \/>\n<meta property=\"og:url\" content=\"https:\/\/chalesprincesaisabel.com.br\/petropolis\/grupo-princesa-isabel\/\" \/>\n<meta property=\"og:site_name\" content=\"Chal\u00e9s em Petr\u00f3polis - Cabana - Pousada Princesa Isabel\" \/>\n<meta property=\"article:modified_time\" content=\"2021-11-09T15:15:24+00:00\" \/>\n<meta property=\"og:image\" content=\"https:\/\/chalesprincesaisabel.com.br\/petropolis\/wp-content\/uploads\/2021\/11\/visconde1-150x150.png\" \/>\n<meta name=\"twitter:card\" content=\"summary_large_image\" \/>\n<meta name=\"twitter:label1\" content=\"Est. tempo de leitura\" \/>\n\t<meta name=\"twitter:data1\" content=\"2 minutos\" \/>\n<script type=\"application\/ld+json\" class=\"yoast-schema-graph\">{\"@context\":\"https:\\\/\\\/schema.org\",\"@graph\":[{\"@type\":\"WebPage\",\"@id\":\"https:\\\/\\\/chalesprincesaisabel.com.br\\\/petropolis\\\/grupo-princesa-isabel\\\/\",\"url\":\"https:\\\/\\\/chalesprincesaisabel.com.br\\\/petropolis\\\/grupo-princesa-isabel\\\/\",\"name\":\"Grupo Princesa Isabel - Chal\u00e9s em Petr\u00f3polis - Cabana - Pousada Princesa Isabel\",\"isPartOf\":{\"@id\":\"https:\\\/\\\/chalesprincesaisabel.com.br\\\/petropolis\\\/#website\"},\"primaryImageOfPage\":{\"@id\":\"https:\\\/\\\/chalesprincesaisabel.com.br\\\/petropolis\\\/grupo-princesa-isabel\\\/#primaryimage\"},\"image\":{\"@id\":\"https:\\\/\\\/chalesprincesaisabel.com.br\\\/petropolis\\\/grupo-princesa-isabel\\\/#primaryimage\"},\"thumbnailUrl\":\"https:\\\/\\\/chalesprincesaisabel.com.br\\\/petropolis\\\/wp-content\\\/uploads\\\/2021\\\/11\\\/visconde1-150x150.png\",\"datePublished\":\"2021-11-08T13:27:25+00:00\",\"dateModified\":\"2021-11-09T15:15:24+00:00\",\"breadcrumb\":{\"@id\":\"https:\\\/\\\/chalesprincesaisabel.com.br\\\/petropolis\\\/grupo-princesa-isabel\\\/#breadcrumb\"},\"inLanguage\":\"pt-BR\",\"potentialAction\":[{\"@type\":\"ReadAction\",\"target\":[\"https:\\\/\\\/chalesprincesaisabel.com.br\\\/petropolis\\\/grupo-princesa-isabel\\\/\"]}]},{\"@type\":\"ImageObject\",\"inLanguage\":\"pt-BR\",\"@id\":\"https:\\\/\\\/chalesprincesaisabel.com.br\\\/petropolis\\\/grupo-princesa-isabel\\\/#primaryimage\",\"url\":\"https:\\\/\\\/chalesprincesaisabel.com.br\\\/petropolis\\\/wp-content\\\/uploads\\\/2021\\\/11\\\/visconde1.png\",\"contentUrl\":\"https:\\\/\\\/chalesprincesaisabel.com.br\\\/petropolis\\\/wp-content\\\/uploads\\\/2021\\\/11\\\/visconde1.png\",\"width\":340,\"height\":300,\"caption\":\"Pousada Princesa Isabel - Visconde\"},{\"@type\":\"BreadcrumbList\",\"@id\":\"https:\\\/\\\/chalesprincesaisabel.com.br\\\/petropolis\\\/grupo-princesa-isabel\\\/#breadcrumb\",\"itemListElement\":[{\"@type\":\"ListItem\",\"position\":1,\"name\":\"In\u00edcio\",\"item\":\"https:\\\/\\\/chalesprincesaisabel.com.br\\\/petropolis\\\/\"},{\"@type\":\"ListItem\",\"position\":2,\"name\":\"Grupo Princesa Isabel\"}]},{\"@type\":\"WebSite\",\"@id\":\"https:\\\/\\\/chalesprincesaisabel.com.br\\\/petropolis\\\/#website\",\"url\":\"https:\\\/\\\/chalesprincesaisabel.com.br\\\/petropolis\\\/\",\"name\":\"Chal\u00e9s em Petr\u00f3polis - Cabana - Pousada Princesa Isabel\",\"description\":\"Chal\u00e9 e Cabana em Petr\u00f3polis com Lareira e Piscina\",\"potentialAction\":[{\"@type\":\"SearchAction\",\"target\":{\"@type\":\"EntryPoint\",\"urlTemplate\":\"https:\\\/\\\/chalesprincesaisabel.com.br\\\/petropolis\\\/?s={search_term_string}\"},\"query-input\":{\"@type\":\"PropertyValueSpecification\",\"valueRequired\":true,\"valueName\":\"search_term_string\"}}],\"inLanguage\":\"pt-BR\"}]}<\/script>\n<!-- \/ Yoast SEO plugin. -->","yoast_head_json":{"title":"Grupo Princesa Isabel - Chal\u00e9s em Petr\u00f3polis - Cabana - Pousada Princesa Isabel","robots":{"index":"index","follow":"follow","max-snippet":"max-snippet:-1","max-image-preview":"max-image-preview:large","max-video-preview":"max-video-preview:-1"},"canonical":"https:\/\/chalesprincesaisabel.com.br\/petropolis\/grupo-princesa-isabel\/","og_locale":"pt_BR","og_type":"article","og_title":"Grupo Princesa Isabel - Chal\u00e9s em Petr\u00f3polis - Cabana - Pousada Princesa Isabel","og_description":"Conhe\u00e7a as pousadas e restaurante do Grupo Princesa Isabel: &nbsp;","og_url":"https:\/\/chalesprincesaisabel.com.br\/petropolis\/grupo-princesa-isabel\/","og_site_name":"Chal\u00e9s em Petr\u00f3polis - Cabana - Pousada Princesa Isabel","article_modified_time":"2021-11-09T15:15:24+00:00","og_image":[{"url":"https:\/\/chalesprincesaisabel.com.br\/petropolis\/wp-content\/uploads\/2021\/11\/visconde1-150x150.png","type":"","width":"","height":""}],"twitter_card":"summary_large_image","twitter_misc":{"Est. tempo de leitura":"2 minutos"},"schema":{"@context":"https:\/\/schema.org","@graph":[{"@type":"WebPage","@id":"https:\/\/chalesprincesaisabel.com.br\/petropolis\/grupo-princesa-isabel\/","url":"https:\/\/chalesprincesaisabel.com.br\/petropolis\/grupo-princesa-isabel\/","name":"Grupo Princesa Isabel - Chal\u00e9s em Petr\u00f3polis - Cabana - Pousada Princesa Isabel","isPartOf":{"@id":"https:\/\/chalesprincesaisabel.com.br\/petropolis\/#website"},"primaryImageOfPage":{"@id":"https:\/\/chalesprincesaisabel.com.br\/petropolis\/grupo-princesa-isabel\/#primaryimage"},"image":{"@id":"https:\/\/chalesprincesaisabel.com.br\/petropolis\/grupo-princesa-isabel\/#primaryimage"},"thumbnailUrl":"https:\/\/chalesprincesaisabel.com.br\/petropolis\/wp-content\/uploads\/2021\/11\/visconde1-150x150.png","datePublished":"2021-11-08T13:27:25+00:00","dateModified":"2021-11-09T15:15:24+00:00","breadcrumb":{"@id":"https:\/\/chalesprincesaisabel.com.br\/petropolis\/grupo-princesa-isabel\/#breadcrumb"},"inLanguage":"pt-BR","potentialAction":[{"@type":"ReadAction","target":["https:\/\/chalesprincesaisabel.com.br\/petropolis\/grupo-princesa-isabel\/"]}]},{"@type":"ImageObject","inLanguage":"pt-BR","@id":"https:\/\/chalesprincesaisabel.com.br\/petropolis\/grupo-princesa-isabel\/#primaryimage","url":"https:\/\/chalesprincesaisabel.com.br\/petropolis\/wp-content\/uploads\/2021\/11\/visconde1.png","contentUrl":"https:\/\/chalesprincesaisabel.com.br\/petropolis\/wp-content\/uploads\/2021\/11\/visconde1.png","width":340,"height":300,"caption":"Pousada Princesa Isabel - Visconde"},{"@type":"BreadcrumbList","@id":"https:\/\/chalesprincesaisabel.com.br\/petropolis\/grupo-princesa-isabel\/#breadcrumb","itemListElement":[{"@type":"ListItem","position":1,"name":"In\u00edcio","item":"https:\/\/chalesprincesaisabel.com.br\/petropolis\/"},{"@type":"ListItem","position":2,"name":"Grupo Princesa Isabel"}]},{"@type":"WebSite","@id":"https:\/\/chalesprincesaisabel.com.br\/petropolis\/#website","url":"https:\/\/chalesprincesaisabel.com.br\/petropolis\/","name":"Chal\u00e9s em Petr\u00f3polis - Cabana - Pousada Princesa Isabel","description":"Chal\u00e9 e Cabana em Petr\u00f3polis com Lareira e Piscina","potentialAction":[{"@type":"SearchAction","target":{"@type":"EntryPoint","urlTemplate":"https:\/\/chalesprincesaisabel.com.br\/petropolis\/?s={search_term_string}"},"query-input":{"@type":"PropertyValueSpecification","valueRequired":true,"valueName":"search_term_string"}}],"inLanguage":"pt-BR"}]}},"_links":{"self":[{"href":"https:\/\/chalesprincesaisabel.com.br\/petropolis\/wp-json\/wp\/v2\/pages\/28","targetHints":{"allow":["GET"]}}],"collection":[{"href":"https:\/\/chalesprincesaisabel.com.br\/petropolis\/wp-json\/wp\/v2\/pages"}],"about":[{"href":"https:\/\/chalesprincesaisabel.com.br\/petropolis\/wp-json\/wp\/v2\/types\/page"}],"author":[{"embeddable":true,"href":"https:\/\/chalesprincesaisabel.com.br\/petropolis\/wp-json\/wp\/v2\/users\/1"}],"replies":[{"embeddable":true,"href":"https:\/\/chalesprincesaisabel.com.br\/petropolis\/wp-json\/wp\/v2\/comments?post=28"}],"version-history":[{"count":8,"href":"https:\/\/chalesprincesaisabel.com.br\/petropolis\/wp-json\/wp\/v2\/pages\/28\/revisions"}],"predecessor-version":[{"id":245,"href":"https:\/\/chalesprincesaisabel.com.br\/petropolis\/wp-json\/wp\/v2\/pages\/28\/revisions\/245"}],"wp:attachment":[{"href":"https:\/\/chalesprincesaisabel.com.br\/petropolis\/wp-json\/wp\/v2\/media?parent=28"}],"curies":[{"name":"wp","href":"https:\/\/api.w.org\/{rel}","templated":true}]}}