{"id":472,"date":"2023-04-06T18:15:04","date_gmt":"2023-04-06T21:15:04","guid":{"rendered":"https:\/\/chalesprincesaisabel.com.br\/petropolis\/?page_id=472"},"modified":"2023-08-30T15:47:09","modified_gmt":"2023-08-30T18:47:09","slug":"chale-em-petropolis-chale-villa","status":"publish","type":"page","link":"https:\/\/chalesprincesaisabel.com.br\/petropolis\/chale-em-petropolis-chale-villa\/","title":{"rendered":"Chal\u00e9 Villa Com Piscina Privativa"},"content":{"rendered":"<div class=\"sec_content_main_title\" style=\"text-align:;\">Conhe\u00e7a o  Chal\u00e9 Villa Com Piscina Privativa<\/div>\n<div class=\"su-note\"  style=\"border-color:#dddddd;border-radius:3px;-moz-border-radius:3px;-webkit-border-radius:3px;\"><div class=\"su-note-inner su-u-clearfix su-u-trim\" style=\"background-color:#F7F7F7;border-color:#ffffff;color:#333333;border-radius:3px;-moz-border-radius:3px;-webkit-border-radius:3px;\">\n<p>O <strong>Chal\u00e9 Villa com piscina privativa<\/strong> \u00e9 um chal\u00e9 de alto padr\u00e3o, com decora\u00e7\u00e3o moderna, ampla su\u00edte com vista para as montanhas, hidromassagem e o diferencial de <strong>piscina aquecida privativa<\/strong>, para voc\u00ea curtir Petr\u00f3polis em qualquer esta\u00e7\u00e3o do ano!<br \/>\nReserve o <strong>Chal\u00e9 Villa com piscina privativa<\/strong> e tenha total privacidade e requinte para celebrar momentos perfeitos, com conforto assegurado pela estrutura premiada do Grupo Princesa Isabel!<br \/>\n<strong>Clique nas fotos abaixo para ampliar e ver detalhes do Chal\u00e9 Villa com piscina privativa<\/strong><\/p>\n<div class=\"su-image-carousel  su-image-carousel-has-spacing su-image-carousel-crop su-image-carousel-crop-5-4 su-image-carousel-has-lightbox su-image-carousel-has-outline su-image-carousel-adaptive su-image-carousel-slides-style-default su-image-carousel-controls-style-dark su-image-carousel-align-none\" style=\"\" data-flickity-options='{\"groupCells\":true,\"cellSelector\":\".su-image-carousel-item\",\"adaptiveHeight\":false,\"cellAlign\":\"left\",\"prevNextButtons\":true,\"pageDots\":true,\"autoPlay\":4000,\"imagesLoaded\":true,\"contain\":true,\"selectedAttraction\":0.025000000000000001387778780781445675529539585113525390625,\"friction\":0.2800000000000000266453525910037569701671600341796875}' id=\"su_image_carousel_6a06db304af6d\"><div class=\"su-image-carousel-item\"><div class=\"su-image-carousel-item-content\"><a href=\"https:\/\/chalesprincesaisabel.com.br\/petropolis\/wp-content\/uploads\/2023\/04\/001c.jpg\" target=\"_blank\" rel=\"noopener noreferrer\" data-caption=\"Chal\u00e9 Villa com piscina privativa\"><img loading=\"lazy\" decoding=\"async\" width=\"720\" height=\"960\" src=\"https:\/\/chalesprincesaisabel.com.br\/petropolis\/wp-content\/uploads\/2023\/04\/001c.jpg\" class=\"\" alt=\"Chal\u00e9 Villa com piscina privativa\" srcset=\"https:\/\/chalesprincesaisabel.com.br\/petropolis\/wp-content\/uploads\/2023\/04\/001c.jpg 720w, https:\/\/chalesprincesaisabel.com.br\/petropolis\/wp-content\/uploads\/2023\/04\/001c-225x300.jpg 225w\" sizes=\"auto, (max-width: 720px) 100vw, 720px\" \/><\/a><\/div><\/div><div class=\"su-image-carousel-item\"><div class=\"su-image-carousel-item-content\"><a href=\"https:\/\/chalesprincesaisabel.com.br\/petropolis\/wp-content\/uploads\/2023\/04\/002.jpg\" target=\"_blank\" rel=\"noopener noreferrer\" data-caption=\"Varandas Privativas\"><img loading=\"lazy\" decoding=\"async\" width=\"720\" height=\"960\" src=\"https:\/\/chalesprincesaisabel.com.br\/petropolis\/wp-content\/uploads\/2023\/04\/002.jpg\" class=\"\" alt=\"Chal\u00e9 17 Pousada Princesa Isabel Petr\u00f3polis\" srcset=\"https:\/\/chalesprincesaisabel.com.br\/petropolis\/wp-content\/uploads\/2023\/04\/002.jpg 720w, https:\/\/chalesprincesaisabel.com.br\/petropolis\/wp-content\/uploads\/2023\/04\/002-225x300.jpg 225w\" sizes=\"auto, (max-width: 720px) 100vw, 720px\" \/><\/a><\/div><\/div><div class=\"su-image-carousel-item\"><div class=\"su-image-carousel-item-content\"><a href=\"https:\/\/chalesprincesaisabel.com.br\/petropolis\/wp-content\/uploads\/2023\/04\/023.jpg\" target=\"_blank\" rel=\"noopener noreferrer\" data-caption=\"Chal\u00e9 Villa Pousada Princesa Isabel Petr\u00f3polis\"><img loading=\"lazy\" decoding=\"async\" width=\"720\" height=\"960\" src=\"https:\/\/chalesprincesaisabel.com.br\/petropolis\/wp-content\/uploads\/2023\/04\/023.jpg\" class=\"\" alt=\"Chal\u00e9 Villa Pousada Princesa Isabel Petr\u00f3polis\" srcset=\"https:\/\/chalesprincesaisabel.com.br\/petropolis\/wp-content\/uploads\/2023\/04\/023.jpg 720w, https:\/\/chalesprincesaisabel.com.br\/petropolis\/wp-content\/uploads\/2023\/04\/023-225x300.jpg 225w\" sizes=\"auto, (max-width: 720px) 100vw, 720px\" \/><\/a><\/div><\/div><div class=\"su-image-carousel-item\"><div class=\"su-image-carousel-item-content\"><a href=\"https:\/\/chalesprincesaisabel.com.br\/petropolis\/wp-content\/uploads\/2023\/04\/010.jpg\" target=\"_blank\" rel=\"noopener noreferrer\" data-caption=\"Chal\u00e9 17\"><img loading=\"lazy\" decoding=\"async\" width=\"720\" height=\"960\" src=\"https:\/\/chalesprincesaisabel.com.br\/petropolis\/wp-content\/uploads\/2023\/04\/010.jpg\" class=\"\" alt=\"Chal\u00e9 17 Pousada Princesa Isabel Petr\u00f3polis\" srcset=\"https:\/\/chalesprincesaisabel.com.br\/petropolis\/wp-content\/uploads\/2023\/04\/010.jpg 720w, https:\/\/chalesprincesaisabel.com.br\/petropolis\/wp-content\/uploads\/2023\/04\/010-225x300.jpg 225w\" sizes=\"auto, (max-width: 720px) 100vw, 720px\" \/><\/a><\/div><\/div><div class=\"su-image-carousel-item\"><div class=\"su-image-carousel-item-content\"><a href=\"https:\/\/chalesprincesaisabel.com.br\/petropolis\/wp-content\/uploads\/2023\/04\/007.jpg\" target=\"_blank\" rel=\"noopener noreferrer\" data-caption=\"Chal\u00e9 17\"><img loading=\"lazy\" decoding=\"async\" width=\"720\" height=\"960\" src=\"https:\/\/chalesprincesaisabel.com.br\/petropolis\/wp-content\/uploads\/2023\/04\/007.jpg\" class=\"\" alt=\"Chal\u00e9 17 Pousada Princesa Isabel Petr\u00f3polis\" srcset=\"https:\/\/chalesprincesaisabel.com.br\/petropolis\/wp-content\/uploads\/2023\/04\/007.jpg 720w, https:\/\/chalesprincesaisabel.com.br\/petropolis\/wp-content\/uploads\/2023\/04\/007-225x300.jpg 225w\" sizes=\"auto, (max-width: 720px) 100vw, 720px\" \/><\/a><\/div><\/div><div class=\"su-image-carousel-item\"><div class=\"su-image-carousel-item-content\"><a href=\"https:\/\/chalesprincesaisabel.com.br\/petropolis\/wp-content\/uploads\/2023\/04\/008.jpg\" target=\"_blank\" rel=\"noopener noreferrer\" data-caption=\"Hidromassagem - Chal\u00e9 17\"><img loading=\"lazy\" decoding=\"async\" width=\"720\" height=\"960\" src=\"https:\/\/chalesprincesaisabel.com.br\/petropolis\/wp-content\/uploads\/2023\/04\/008.jpg\" class=\"\" alt=\"Chal\u00e9 17 Pousada Princesa Isabel Petr\u00f3polis\" srcset=\"https:\/\/chalesprincesaisabel.com.br\/petropolis\/wp-content\/uploads\/2023\/04\/008.jpg 720w, https:\/\/chalesprincesaisabel.com.br\/petropolis\/wp-content\/uploads\/2023\/04\/008-225x300.jpg 225w\" sizes=\"auto, (max-width: 720px) 100vw, 720px\" \/><\/a><\/div><\/div><div class=\"su-image-carousel-item\"><div class=\"su-image-carousel-item-content\"><a href=\"https:\/\/chalesprincesaisabel.com.br\/petropolis\/wp-content\/uploads\/2023\/04\/008a.jpg\" target=\"_blank\" rel=\"noopener noreferrer\" data-caption=\"Hidromassagem\"><img loading=\"lazy\" decoding=\"async\" width=\"720\" height=\"960\" src=\"https:\/\/chalesprincesaisabel.com.br\/petropolis\/wp-content\/uploads\/2023\/04\/008a.jpg\" class=\"\" alt=\"Chal\u00e9 17 Pousada Princesa Isabel Petr\u00f3polis\" srcset=\"https:\/\/chalesprincesaisabel.com.br\/petropolis\/wp-content\/uploads\/2023\/04\/008a.jpg 720w, https:\/\/chalesprincesaisabel.com.br\/petropolis\/wp-content\/uploads\/2023\/04\/008a-225x300.jpg 225w\" sizes=\"auto, (max-width: 720px) 100vw, 720px\" \/><\/a><\/div><\/div><div class=\"su-image-carousel-item\"><div class=\"su-image-carousel-item-content\"><a href=\"https:\/\/chalesprincesaisabel.com.br\/petropolis\/wp-content\/uploads\/2023\/04\/006.jpg\" target=\"_blank\" rel=\"noopener noreferrer\" data-caption=\"Chal\u00e9 17\"><img loading=\"lazy\" decoding=\"async\" width=\"720\" height=\"960\" src=\"https:\/\/chalesprincesaisabel.com.br\/petropolis\/wp-content\/uploads\/2023\/04\/006.jpg\" class=\"\" alt=\"Chal\u00e9 17 Pousada Princesa Isabel Petr\u00f3polis\" srcset=\"https:\/\/chalesprincesaisabel.com.br\/petropolis\/wp-content\/uploads\/2023\/04\/006.jpg 720w, https:\/\/chalesprincesaisabel.com.br\/petropolis\/wp-content\/uploads\/2023\/04\/006-225x300.jpg 225w\" sizes=\"auto, (max-width: 720px) 100vw, 720px\" \/><\/a><\/div><\/div><div class=\"su-image-carousel-item\"><div class=\"su-image-carousel-item-content\"><a href=\"https:\/\/chalesprincesaisabel.com.br\/petropolis\/wp-content\/uploads\/2023\/04\/001d.jpg\" target=\"_blank\" rel=\"noopener noreferrer\" data-caption=\"Piscina Aquecida - Chal\u00e9 17\"><img loading=\"lazy\" decoding=\"async\" width=\"720\" height=\"960\" src=\"https:\/\/chalesprincesaisabel.com.br\/petropolis\/wp-content\/uploads\/2023\/04\/001d.jpg\" class=\"\" alt=\"Chal\u00e9 17 Pousada Princesa Isabel Petr\u00f3polis\" srcset=\"https:\/\/chalesprincesaisabel.com.br\/petropolis\/wp-content\/uploads\/2023\/04\/001d.jpg 720w, https:\/\/chalesprincesaisabel.com.br\/petropolis\/wp-content\/uploads\/2023\/04\/001d-225x300.jpg 225w\" sizes=\"auto, (max-width: 720px) 100vw, 720px\" \/><\/a><\/div><\/div><div class=\"su-image-carousel-item\"><div class=\"su-image-carousel-item-content\"><a href=\"https:\/\/chalesprincesaisabel.com.br\/petropolis\/wp-content\/uploads\/2023\/04\/001f.jpg\" target=\"_blank\" rel=\"noopener noreferrer\" data-caption=\"Piscina Aquecida - Chal\u00e9 17\"><img loading=\"lazy\" decoding=\"async\" width=\"720\" height=\"960\" src=\"https:\/\/chalesprincesaisabel.com.br\/petropolis\/wp-content\/uploads\/2023\/04\/001f.jpg\" class=\"\" alt=\"Chal\u00e9 17 Pousada Princesa Isabel Petr\u00f3polis\" srcset=\"https:\/\/chalesprincesaisabel.com.br\/petropolis\/wp-content\/uploads\/2023\/04\/001f.jpg 720w, https:\/\/chalesprincesaisabel.com.br\/petropolis\/wp-content\/uploads\/2023\/04\/001f-225x300.jpg 225w\" sizes=\"auto, (max-width: 720px) 100vw, 720px\" \/><\/a><\/div><\/div><div class=\"su-image-carousel-item\"><div class=\"su-image-carousel-item-content\"><a href=\"https:\/\/chalesprincesaisabel.com.br\/petropolis\/wp-content\/uploads\/2023\/04\/001h.jpg\" target=\"_blank\" rel=\"noopener noreferrer\" data-caption=\"Chal\u00e9 Villa com piscina privativa\"><img loading=\"lazy\" decoding=\"async\" width=\"720\" height=\"960\" src=\"https:\/\/chalesprincesaisabel.com.br\/petropolis\/wp-content\/uploads\/2023\/04\/001h.jpg\" class=\"\" alt=\"Chal\u00e9 Villa com piscina privativa - Pousada Princesa Isabel Petr\u00f3polis\" srcset=\"https:\/\/chalesprincesaisabel.com.br\/petropolis\/wp-content\/uploads\/2023\/04\/001h.jpg 720w, https:\/\/chalesprincesaisabel.com.br\/petropolis\/wp-content\/uploads\/2023\/04\/001h-225x300.jpg 225w\" sizes=\"auto, (max-width: 720px) 100vw, 720px\" \/><\/a><\/div><\/div><div class=\"su-image-carousel-item\"><div class=\"su-image-carousel-item-content\"><a href=\"https:\/\/chalesprincesaisabel.com.br\/petropolis\/wp-content\/uploads\/2023\/04\/001k.jpg\" target=\"_blank\" rel=\"noopener noreferrer\" data-caption=\"Piscina Aquecida - Chal\u00e9 17\"><img loading=\"lazy\" decoding=\"async\" width=\"720\" height=\"960\" src=\"https:\/\/chalesprincesaisabel.com.br\/petropolis\/wp-content\/uploads\/2023\/04\/001k.jpg\" class=\"\" alt=\"Chal\u00e9 17 Pousada Princesa Isabel Petr\u00f3polis\" srcset=\"https:\/\/chalesprincesaisabel.com.br\/petropolis\/wp-content\/uploads\/2023\/04\/001k.jpg 720w, https:\/\/chalesprincesaisabel.com.br\/petropolis\/wp-content\/uploads\/2023\/04\/001k-225x300.jpg 225w\" sizes=\"auto, (max-width: 720px) 100vw, 720px\" \/><\/a><\/div><\/div><div class=\"su-image-carousel-item\"><div class=\"su-image-carousel-item-content\"><a href=\"https:\/\/chalesprincesaisabel.com.br\/petropolis\/wp-content\/uploads\/2023\/04\/025.jpg\" target=\"_blank\" rel=\"noopener noreferrer\" data-caption=\"Delicioso Caf\u00e9 da Manh\u00e3\"><img loading=\"lazy\" decoding=\"async\" width=\"720\" height=\"960\" src=\"https:\/\/chalesprincesaisabel.com.br\/petropolis\/wp-content\/uploads\/2023\/04\/025.jpg\" class=\"\" alt=\"\" srcset=\"https:\/\/chalesprincesaisabel.com.br\/petropolis\/wp-content\/uploads\/2023\/04\/025.jpg 720w, https:\/\/chalesprincesaisabel.com.br\/petropolis\/wp-content\/uploads\/2023\/04\/025-225x300.jpg 225w\" sizes=\"auto, (max-width: 720px) 100vw, 720px\" \/><\/a><\/div><\/div><div class=\"su-image-carousel-item\"><div class=\"su-image-carousel-item-content\"><a href=\"https:\/\/chalesprincesaisabel.com.br\/petropolis\/wp-content\/uploads\/2023\/04\/011a.jpg\" target=\"_blank\" rel=\"noopener noreferrer\" data-caption=\"Chal\u00e9 Villa - Pousada  Princesa Isabel Petr\u00f3polis\"><img loading=\"lazy\" decoding=\"async\" width=\"720\" height=\"960\" src=\"https:\/\/chalesprincesaisabel.com.br\/petropolis\/wp-content\/uploads\/2023\/04\/011a.jpg\" class=\"\" alt=\"Chal\u00e9 Villa Pousada Princesa Isabel Petr\u00f3polis\" srcset=\"https:\/\/chalesprincesaisabel.com.br\/petropolis\/wp-content\/uploads\/2023\/04\/011a.jpg 720w, https:\/\/chalesprincesaisabel.com.br\/petropolis\/wp-content\/uploads\/2023\/04\/011a-225x300.jpg 225w\" sizes=\"auto, (max-width: 720px) 100vw, 720px\" \/><\/a><\/div><\/div><div class=\"su-image-carousel-item\"><div class=\"su-image-carousel-item-content\"><a href=\"https:\/\/chalesprincesaisabel.com.br\/petropolis\/wp-content\/uploads\/2023\/04\/020.jpg\" target=\"_blank\" rel=\"noopener noreferrer\" data-caption=\"Rede Suspensa - Chal\u00e9 Villa\"><img loading=\"lazy\" decoding=\"async\" width=\"720\" height=\"960\" src=\"https:\/\/chalesprincesaisabel.com.br\/petropolis\/wp-content\/uploads\/2023\/04\/020.jpg\" class=\"\" alt=\"Chal\u00e9 17 Pousada Princesa Isabel Petr\u00f3polis\" srcset=\"https:\/\/chalesprincesaisabel.com.br\/petropolis\/wp-content\/uploads\/2023\/04\/020.jpg 720w, https:\/\/chalesprincesaisabel.com.br\/petropolis\/wp-content\/uploads\/2023\/04\/020-225x300.jpg 225w\" sizes=\"auto, (max-width: 720px) 100vw, 720px\" \/><\/a><\/div><\/div><\/div><script id=\"su_image_carousel_6a06db304af6d_script\">if(window.SUImageCarousel){setTimeout(function() {window.SUImageCarousel.initGallery(document.getElementById(\"su_image_carousel_6a06db304af6d\"))}, 0);}var su_image_carousel_6a06db304af6d_script=document.getElementById(\"su_image_carousel_6a06db304af6d_script\");if(su_image_carousel_6a06db304af6d_script){su_image_carousel_6a06db304af6d_script.parentNode.removeChild(su_image_carousel_6a06db304af6d_script);}<\/script>\n<p><b>Se voc\u00ea busca alto padr\u00e3o em hospedagem, <a href=\"https:\/\/chalesprincesaisabel.com.br\/petropolis\/reservas\/\">clique aqui fa\u00e7a sua reserva<\/a> e hospede-se nos <a href=\"https:\/\/chalesprincesaisabel.com.br\/\">Chal\u00e9s Princesa Isabel<\/a><\/b><\/p>\n<\/div><\/div>\n<div class=\"su-table su-table-responsive su-table-alternate\">\n<table>\n<tbody>\n<tr>\n<td>Piscina aquecida privativa &#8211; Exclusividade deste chal\u00e9!<\/td>\n<\/tr>\n<tr>\n<td>Ar Condicionado Quente \/Frio<\/td>\n<\/tr>\n<tr>\n<td>Cama King Size<\/td>\n<\/tr>\n<tr>\n<td>Rede Suspensa Privativa<\/td>\n<\/tr>\n<tr>\n<td>Banheira de Hidromassagem<\/td>\n<\/tr>\n<tr>\n<td>Lareira<\/td>\n<\/tr>\n<tr>\n<td>Cafeteira<\/td>\n<\/tr>\n<tr>\n<td>Roup\u00f5es<\/td>\n<\/tr>\n<tr>\n<td>Varanda e Deck Privativo Com Vista para Montanhas<\/td>\n<\/tr>\n<tr>\n<td>Smart TV 50&#8243; com Sinal a Sat\u00e9lite<\/td>\n<\/tr>\n<tr>\n<td>Caf\u00e9 da manh\u00e3 servido no quarto<\/td>\n<\/tr>\n<tr>\n<td>\u00c1rea comum com Piscina e Sal\u00e3o de Jogos dispon\u00edveis aos 3 chal\u00e9s<\/td>\n<\/tr>\n<\/tbody>\n<\/table>\n<\/div>\n<div class=\"custombtn\" style=\"text-align:center\">\t\r\n\t   <a class=\"morebutton\" href=\"https:\/\/chalesprincesaisabel.com.br\/petropolis\/chale-em-petropolis-chale-15\/\" target\"\">VER CHAL\u00c9 15<\/a>\t   \t   \r\n\t<\/div>\n<div class=\"custombtn\" style=\"text-align:center\">\t\r\n\t   <a class=\"morebutton\" href=\"https:\/\/chalesprincesaisabel.com.br\/petropolis\/chale-em-petropolis-chale-16\/\" target\"\">VER CHAL\u00c9 16<\/a>\t   \t   \r\n\t<\/div>\n<div class=\"custombtn\" style=\"text-align:center\">\t\r\n\t   <a class=\"morebutton\" href=\"https:\/\/chalesprincesaisabel.com.br\/petropolis\/cabana\/\" target\"\">VER CABANA<\/a>\t   \t   \r\n\t<\/div>\n","protected":false},"excerpt":{"rendered":"","protected":false},"author":1,"featured_media":0,"parent":0,"menu_order":0,"comment_status":"closed","ping_status":"closed","template":"","meta":{"footnotes":""},"class_list":["post-472","page","type-page","status-publish","hentry"],"yoast_head":"<!-- This site is optimized with the Yoast SEO plugin v27.6 - https:\/\/yoast.com\/product\/yoast-seo-wordpress\/ -->\n<title>Chal\u00e9 Villa Com Piscina Privativa - Chal\u00e9s em Petr\u00f3polis - Cabana - Pousada Princesa Isabel<\/title>\n<meta name=\"robots\" content=\"index, follow, max-snippet:-1, max-image-preview:large, max-video-preview:-1\" \/>\n<link rel=\"canonical\" href=\"https:\/\/chalesprincesaisabel.com.br\/petropolis\/chale-em-petropolis-chale-villa\/\" \/>\n<meta property=\"og:locale\" content=\"pt_BR\" \/>\n<meta property=\"og:type\" content=\"article\" \/>\n<meta property=\"og:title\" content=\"Chal\u00e9 Villa Com Piscina Privativa - Chal\u00e9s em Petr\u00f3polis - Cabana - Pousada Princesa Isabel\" \/>\n<meta property=\"og:url\" content=\"https:\/\/chalesprincesaisabel.com.br\/petropolis\/chale-em-petropolis-chale-villa\/\" \/>\n<meta property=\"og:site_name\" content=\"Chal\u00e9s em Petr\u00f3polis - Cabana - Pousada Princesa Isabel\" \/>\n<meta property=\"article:modified_time\" content=\"2023-08-30T18:47:09+00:00\" \/>\n<meta name=\"twitter:card\" content=\"summary_large_image\" \/>\n<meta name=\"twitter:label1\" content=\"Est. tempo de leitura\" \/>\n\t<meta name=\"twitter:data1\" content=\"2 minutos\" \/>\n<script type=\"application\/ld+json\" class=\"yoast-schema-graph\">{\"@context\":\"https:\\\/\\\/schema.org\",\"@graph\":[{\"@type\":\"WebPage\",\"@id\":\"https:\\\/\\\/chalesprincesaisabel.com.br\\\/petropolis\\\/chale-em-petropolis-chale-villa\\\/\",\"url\":\"https:\\\/\\\/chalesprincesaisabel.com.br\\\/petropolis\\\/chale-em-petropolis-chale-villa\\\/\",\"name\":\"Chal\u00e9 Villa Com Piscina Privativa - Chal\u00e9s em Petr\u00f3polis - Cabana - Pousada Princesa Isabel\",\"isPartOf\":{\"@id\":\"https:\\\/\\\/chalesprincesaisabel.com.br\\\/petropolis\\\/#website\"},\"datePublished\":\"2023-04-06T21:15:04+00:00\",\"dateModified\":\"2023-08-30T18:47:09+00:00\",\"breadcrumb\":{\"@id\":\"https:\\\/\\\/chalesprincesaisabel.com.br\\\/petropolis\\\/chale-em-petropolis-chale-villa\\\/#breadcrumb\"},\"inLanguage\":\"pt-BR\",\"potentialAction\":[{\"@type\":\"ReadAction\",\"target\":[\"https:\\\/\\\/chalesprincesaisabel.com.br\\\/petropolis\\\/chale-em-petropolis-chale-villa\\\/\"]}]},{\"@type\":\"BreadcrumbList\",\"@id\":\"https:\\\/\\\/chalesprincesaisabel.com.br\\\/petropolis\\\/chale-em-petropolis-chale-villa\\\/#breadcrumb\",\"itemListElement\":[{\"@type\":\"ListItem\",\"position\":1,\"name\":\"In\u00edcio\",\"item\":\"https:\\\/\\\/chalesprincesaisabel.com.br\\\/petropolis\\\/\"},{\"@type\":\"ListItem\",\"position\":2,\"name\":\"Chal\u00e9 Villa Com Piscina Privativa\"}]},{\"@type\":\"WebSite\",\"@id\":\"https:\\\/\\\/chalesprincesaisabel.com.br\\\/petropolis\\\/#website\",\"url\":\"https:\\\/\\\/chalesprincesaisabel.com.br\\\/petropolis\\\/\",\"name\":\"Chal\u00e9s em Petr\u00f3polis - Cabana - Pousada Princesa Isabel\",\"description\":\"Chal\u00e9 e Cabana em Petr\u00f3polis com Lareira e Piscina\",\"potentialAction\":[{\"@type\":\"SearchAction\",\"target\":{\"@type\":\"EntryPoint\",\"urlTemplate\":\"https:\\\/\\\/chalesprincesaisabel.com.br\\\/petropolis\\\/?s={search_term_string}\"},\"query-input\":{\"@type\":\"PropertyValueSpecification\",\"valueRequired\":true,\"valueName\":\"search_term_string\"}}],\"inLanguage\":\"pt-BR\"}]}<\/script>\n<!-- \/ Yoast SEO plugin. -->","yoast_head_json":{"title":"Chal\u00e9 Villa Com Piscina Privativa - Chal\u00e9s em Petr\u00f3polis - Cabana - Pousada Princesa Isabel","robots":{"index":"index","follow":"follow","max-snippet":"max-snippet:-1","max-image-preview":"max-image-preview:large","max-video-preview":"max-video-preview:-1"},"canonical":"https:\/\/chalesprincesaisabel.com.br\/petropolis\/chale-em-petropolis-chale-villa\/","og_locale":"pt_BR","og_type":"article","og_title":"Chal\u00e9 Villa Com Piscina Privativa - Chal\u00e9s em Petr\u00f3polis - Cabana - Pousada Princesa Isabel","og_url":"https:\/\/chalesprincesaisabel.com.br\/petropolis\/chale-em-petropolis-chale-villa\/","og_site_name":"Chal\u00e9s em Petr\u00f3polis - Cabana - Pousada Princesa Isabel","article_modified_time":"2023-08-30T18:47:09+00:00","twitter_card":"summary_large_image","twitter_misc":{"Est. tempo de leitura":"2 minutos"},"schema":{"@context":"https:\/\/schema.org","@graph":[{"@type":"WebPage","@id":"https:\/\/chalesprincesaisabel.com.br\/petropolis\/chale-em-petropolis-chale-villa\/","url":"https:\/\/chalesprincesaisabel.com.br\/petropolis\/chale-em-petropolis-chale-villa\/","name":"Chal\u00e9 Villa Com Piscina Privativa - Chal\u00e9s em Petr\u00f3polis - Cabana - Pousada Princesa Isabel","isPartOf":{"@id":"https:\/\/chalesprincesaisabel.com.br\/petropolis\/#website"},"datePublished":"2023-04-06T21:15:04+00:00","dateModified":"2023-08-30T18:47:09+00:00","breadcrumb":{"@id":"https:\/\/chalesprincesaisabel.com.br\/petropolis\/chale-em-petropolis-chale-villa\/#breadcrumb"},"inLanguage":"pt-BR","potentialAction":[{"@type":"ReadAction","target":["https:\/\/chalesprincesaisabel.com.br\/petropolis\/chale-em-petropolis-chale-villa\/"]}]},{"@type":"BreadcrumbList","@id":"https:\/\/chalesprincesaisabel.com.br\/petropolis\/chale-em-petropolis-chale-villa\/#breadcrumb","itemListElement":[{"@type":"ListItem","position":1,"name":"In\u00edcio","item":"https:\/\/chalesprincesaisabel.com.br\/petropolis\/"},{"@type":"ListItem","position":2,"name":"Chal\u00e9 Villa Com Piscina Privativa"}]},{"@type":"WebSite","@id":"https:\/\/chalesprincesaisabel.com.br\/petropolis\/#website","url":"https:\/\/chalesprincesaisabel.com.br\/petropolis\/","name":"Chal\u00e9s em Petr\u00f3polis - Cabana - Pousada Princesa Isabel","description":"Chal\u00e9 e Cabana em Petr\u00f3polis com Lareira e Piscina","potentialAction":[{"@type":"SearchAction","target":{"@type":"EntryPoint","urlTemplate":"https:\/\/chalesprincesaisabel.com.br\/petropolis\/?s={search_term_string}"},"query-input":{"@type":"PropertyValueSpecification","valueRequired":true,"valueName":"search_term_string"}}],"inLanguage":"pt-BR"}]}},"_links":{"self":[{"href":"https:\/\/chalesprincesaisabel.com.br\/petropolis\/wp-json\/wp\/v2\/pages\/472","targetHints":{"allow":["GET"]}}],"collection":[{"href":"https:\/\/chalesprincesaisabel.com.br\/petropolis\/wp-json\/wp\/v2\/pages"}],"about":[{"href":"https:\/\/chalesprincesaisabel.com.br\/petropolis\/wp-json\/wp\/v2\/types\/page"}],"author":[{"embeddable":true,"href":"https:\/\/chalesprincesaisabel.com.br\/petropolis\/wp-json\/wp\/v2\/users\/1"}],"replies":[{"embeddable":true,"href":"https:\/\/chalesprincesaisabel.com.br\/petropolis\/wp-json\/wp\/v2\/comments?post=472"}],"version-history":[{"count":11,"href":"https:\/\/chalesprincesaisabel.com.br\/petropolis\/wp-json\/wp\/v2\/pages\/472\/revisions"}],"predecessor-version":[{"id":611,"href":"https:\/\/chalesprincesaisabel.com.br\/petropolis\/wp-json\/wp\/v2\/pages\/472\/revisions\/611"}],"wp:attachment":[{"href":"https:\/\/chalesprincesaisabel.com.br\/petropolis\/wp-json\/wp\/v2\/media?parent=472"}],"curies":[{"name":"wp","href":"https:\/\/api.w.org\/{rel}","templated":true}]}}