{"id":73,"date":"2021-11-08T12:59:37","date_gmt":"2021-11-08T15:59:37","guid":{"rendered":"https:\/\/chalesprincesaisabel.com.br\/petropolis\/?page_id=73"},"modified":"2023-12-06T13:48:38","modified_gmt":"2023-12-06T16:48:38","slug":"chales-princesa-isabel","status":"publish","type":"page","link":"https:\/\/chalesprincesaisabel.com.br\/petropolis\/chales-princesa-isabel\/","title":{"rendered":"Chal\u00e9s Princesa Isabel"},"content":{"rendered":"<h3>Privacidade e conforto na serra!<\/h3>\n<p><strong>Visite Petr\u00f3polis, Hospede-se conosco e desfrute o que a regi\u00e3o serrana tem de melhor!<\/strong><\/p>\n<p>A poucos minutos do Centro Hist\u00f3rico, dispomos de <a href=\"https:\/\/chalesprincesaisabel.com.br\/petropolis\/chales-em-petropolis-2\/\">chal\u00e9s<\/a>, <a href=\"https:\/\/chalesprincesaisabel.com.br\/petropolis\/cabana\/\">cabanas\u00a0<\/a> e <a href=\"https:\/\/chalesprincesaisabel.com.br\/petropolis\/chale-em-petropolis-chale-villa\/\">chal\u00e9s com piscina privativa<\/a>, primando por privacidade e conforto em cada detalhe, para atender clientes exigentes que buscam natureza sem abrir m\u00e3o de requinte, sofistica\u00e7\u00e3o e atendimento exclusivo!<\/p>\n","protected":false},"excerpt":{"rendered":"<p>Privacidade e conforto na serra! Visite Petr\u00f3polis, Hospede-se conosco e desfrute o que a regi\u00e3o serrana tem de melhor! A poucos minutos do Centro Hist\u00f3rico, dispomos de chal\u00e9s, cabanas\u00a0 e chal\u00e9s com piscina privativa, primando por privacidade e conforto em cada detalhe, para atender clientes exigentes que buscam natureza sem abrir m\u00e3o de requinte, sofistica\u00e7\u00e3o e atendimento exclusivo!<\/p>\n","protected":false},"author":1,"featured_media":0,"parent":0,"menu_order":0,"comment_status":"closed","ping_status":"closed","template":"","meta":{"footnotes":""},"class_list":["post-73","page","type-page","status-publish","hentry"],"yoast_head":"<!-- This site is optimized with the Yoast SEO plugin v27.4 - https:\/\/yoast.com\/product\/yoast-seo-wordpress\/ -->\n<title>Chal\u00e9s Princesa Isabel - Chal\u00e9s em Petr\u00f3polis - Cabana - Pousada Princesa Isabel<\/title>\n<meta name=\"robots\" content=\"index, follow, max-snippet:-1, max-image-preview:large, max-video-preview:-1\" \/>\n<link rel=\"canonical\" href=\"https:\/\/chalesprincesaisabel.com.br\/petropolis\/chales-princesa-isabel\/\" \/>\n<meta property=\"og:locale\" content=\"pt_BR\" \/>\n<meta property=\"og:type\" content=\"article\" \/>\n<meta property=\"og:title\" content=\"Chal\u00e9s Princesa Isabel - Chal\u00e9s em Petr\u00f3polis - Cabana - Pousada Princesa Isabel\" \/>\n<meta property=\"og:description\" content=\"Privacidade e conforto na serra! Visite Petr\u00f3polis, Hospede-se conosco e desfrute o que a regi\u00e3o serrana tem de melhor! A poucos minutos do Centro Hist\u00f3rico, dispomos de chal\u00e9s, cabanas\u00a0 e chal\u00e9s com piscina privativa, primando por privacidade e conforto em cada detalhe, para atender clientes exigentes que buscam natureza sem abrir m\u00e3o de requinte, sofistica\u00e7\u00e3o e atendimento exclusivo!\" \/>\n<meta property=\"og:url\" content=\"https:\/\/chalesprincesaisabel.com.br\/petropolis\/chales-princesa-isabel\/\" \/>\n<meta property=\"og:site_name\" content=\"Chal\u00e9s em Petr\u00f3polis - Cabana - Pousada Princesa Isabel\" \/>\n<meta property=\"article:modified_time\" content=\"2023-12-06T16:48:38+00:00\" \/>\n<meta name=\"twitter:card\" content=\"summary_large_image\" \/>\n<meta name=\"twitter:label1\" content=\"Est. tempo de leitura\" \/>\n\t<meta name=\"twitter:data1\" content=\"1 minuto\" \/>\n<script type=\"application\/ld+json\" class=\"yoast-schema-graph\">{\"@context\":\"https:\\\/\\\/schema.org\",\"@graph\":[{\"@type\":\"WebPage\",\"@id\":\"https:\\\/\\\/chalesprincesaisabel.com.br\\\/petropolis\\\/chales-princesa-isabel\\\/\",\"url\":\"https:\\\/\\\/chalesprincesaisabel.com.br\\\/petropolis\\\/chales-princesa-isabel\\\/\",\"name\":\"Chal\u00e9s Princesa Isabel - Chal\u00e9s em Petr\u00f3polis - Cabana - Pousada Princesa Isabel\",\"isPartOf\":{\"@id\":\"https:\\\/\\\/chalesprincesaisabel.com.br\\\/petropolis\\\/#website\"},\"datePublished\":\"2021-11-08T15:59:37+00:00\",\"dateModified\":\"2023-12-06T16:48:38+00:00\",\"breadcrumb\":{\"@id\":\"https:\\\/\\\/chalesprincesaisabel.com.br\\\/petropolis\\\/chales-princesa-isabel\\\/#breadcrumb\"},\"inLanguage\":\"pt-BR\",\"potentialAction\":[{\"@type\":\"ReadAction\",\"target\":[\"https:\\\/\\\/chalesprincesaisabel.com.br\\\/petropolis\\\/chales-princesa-isabel\\\/\"]}]},{\"@type\":\"BreadcrumbList\",\"@id\":\"https:\\\/\\\/chalesprincesaisabel.com.br\\\/petropolis\\\/chales-princesa-isabel\\\/#breadcrumb\",\"itemListElement\":[{\"@type\":\"ListItem\",\"position\":1,\"name\":\"In\u00edcio\",\"item\":\"https:\\\/\\\/chalesprincesaisabel.com.br\\\/petropolis\\\/\"},{\"@type\":\"ListItem\",\"position\":2,\"name\":\"Chal\u00e9s Princesa Isabel\"}]},{\"@type\":\"WebSite\",\"@id\":\"https:\\\/\\\/chalesprincesaisabel.com.br\\\/petropolis\\\/#website\",\"url\":\"https:\\\/\\\/chalesprincesaisabel.com.br\\\/petropolis\\\/\",\"name\":\"Chal\u00e9s em Petr\u00f3polis - Cabana - Pousada Princesa Isabel\",\"description\":\"Chal\u00e9 e Cabana em Petr\u00f3polis com Lareira e Piscina\",\"potentialAction\":[{\"@type\":\"SearchAction\",\"target\":{\"@type\":\"EntryPoint\",\"urlTemplate\":\"https:\\\/\\\/chalesprincesaisabel.com.br\\\/petropolis\\\/?s={search_term_string}\"},\"query-input\":{\"@type\":\"PropertyValueSpecification\",\"valueRequired\":true,\"valueName\":\"search_term_string\"}}],\"inLanguage\":\"pt-BR\"}]}<\/script>\n<!-- \/ Yoast SEO plugin. -->","yoast_head_json":{"title":"Chal\u00e9s Princesa Isabel - Chal\u00e9s em Petr\u00f3polis - Cabana - Pousada Princesa Isabel","robots":{"index":"index","follow":"follow","max-snippet":"max-snippet:-1","max-image-preview":"max-image-preview:large","max-video-preview":"max-video-preview:-1"},"canonical":"https:\/\/chalesprincesaisabel.com.br\/petropolis\/chales-princesa-isabel\/","og_locale":"pt_BR","og_type":"article","og_title":"Chal\u00e9s Princesa Isabel - Chal\u00e9s em Petr\u00f3polis - Cabana - Pousada Princesa Isabel","og_description":"Privacidade e conforto na serra! Visite Petr\u00f3polis, Hospede-se conosco e desfrute o que a regi\u00e3o serrana tem de melhor! A poucos minutos do Centro Hist\u00f3rico, dispomos de chal\u00e9s, cabanas\u00a0 e chal\u00e9s com piscina privativa, primando por privacidade e conforto em cada detalhe, para atender clientes exigentes que buscam natureza sem abrir m\u00e3o de requinte, sofistica\u00e7\u00e3o e atendimento exclusivo!","og_url":"https:\/\/chalesprincesaisabel.com.br\/petropolis\/chales-princesa-isabel\/","og_site_name":"Chal\u00e9s em Petr\u00f3polis - Cabana - Pousada Princesa Isabel","article_modified_time":"2023-12-06T16:48:38+00:00","twitter_card":"summary_large_image","twitter_misc":{"Est. tempo de leitura":"1 minuto"},"schema":{"@context":"https:\/\/schema.org","@graph":[{"@type":"WebPage","@id":"https:\/\/chalesprincesaisabel.com.br\/petropolis\/chales-princesa-isabel\/","url":"https:\/\/chalesprincesaisabel.com.br\/petropolis\/chales-princesa-isabel\/","name":"Chal\u00e9s Princesa Isabel - Chal\u00e9s em Petr\u00f3polis - Cabana - Pousada Princesa Isabel","isPartOf":{"@id":"https:\/\/chalesprincesaisabel.com.br\/petropolis\/#website"},"datePublished":"2021-11-08T15:59:37+00:00","dateModified":"2023-12-06T16:48:38+00:00","breadcrumb":{"@id":"https:\/\/chalesprincesaisabel.com.br\/petropolis\/chales-princesa-isabel\/#breadcrumb"},"inLanguage":"pt-BR","potentialAction":[{"@type":"ReadAction","target":["https:\/\/chalesprincesaisabel.com.br\/petropolis\/chales-princesa-isabel\/"]}]},{"@type":"BreadcrumbList","@id":"https:\/\/chalesprincesaisabel.com.br\/petropolis\/chales-princesa-isabel\/#breadcrumb","itemListElement":[{"@type":"ListItem","position":1,"name":"In\u00edcio","item":"https:\/\/chalesprincesaisabel.com.br\/petropolis\/"},{"@type":"ListItem","position":2,"name":"Chal\u00e9s Princesa Isabel"}]},{"@type":"WebSite","@id":"https:\/\/chalesprincesaisabel.com.br\/petropolis\/#website","url":"https:\/\/chalesprincesaisabel.com.br\/petropolis\/","name":"Chal\u00e9s em Petr\u00f3polis - Cabana - Pousada Princesa Isabel","description":"Chal\u00e9 e Cabana em Petr\u00f3polis com Lareira e Piscina","potentialAction":[{"@type":"SearchAction","target":{"@type":"EntryPoint","urlTemplate":"https:\/\/chalesprincesaisabel.com.br\/petropolis\/?s={search_term_string}"},"query-input":{"@type":"PropertyValueSpecification","valueRequired":true,"valueName":"search_term_string"}}],"inLanguage":"pt-BR"}]}},"_links":{"self":[{"href":"https:\/\/chalesprincesaisabel.com.br\/petropolis\/wp-json\/wp\/v2\/pages\/73","targetHints":{"allow":["GET"]}}],"collection":[{"href":"https:\/\/chalesprincesaisabel.com.br\/petropolis\/wp-json\/wp\/v2\/pages"}],"about":[{"href":"https:\/\/chalesprincesaisabel.com.br\/petropolis\/wp-json\/wp\/v2\/types\/page"}],"author":[{"embeddable":true,"href":"https:\/\/chalesprincesaisabel.com.br\/petropolis\/wp-json\/wp\/v2\/users\/1"}],"replies":[{"embeddable":true,"href":"https:\/\/chalesprincesaisabel.com.br\/petropolis\/wp-json\/wp\/v2\/comments?post=73"}],"version-history":[{"count":7,"href":"https:\/\/chalesprincesaisabel.com.br\/petropolis\/wp-json\/wp\/v2\/pages\/73\/revisions"}],"predecessor-version":[{"id":665,"href":"https:\/\/chalesprincesaisabel.com.br\/petropolis\/wp-json\/wp\/v2\/pages\/73\/revisions\/665"}],"wp:attachment":[{"href":"https:\/\/chalesprincesaisabel.com.br\/petropolis\/wp-json\/wp\/v2\/media?parent=73"}],"curies":[{"name":"wp","href":"https:\/\/api.w.org\/{rel}","templated":true}]}}